{"id":660,"date":"2021-05-12T05:42:43","date_gmt":"2021-05-12T03:42:43","guid":{"rendered":"https:\/\/www.begenivs.fr\/?page_id=660"},"modified":"2025-03-11T17:10:27","modified_gmt":"2025-03-11T16:10:27","slug":"mentions-legales","status":"publish","type":"page","link":"https:\/\/mercepay.com\/pt\/mentions-legales\/","title":{"rendered":"Mentions l\u00e9gales"},"content":{"rendered":"<div data-elementor-type=\"wp-page\" data-elementor-id=\"660\" class=\"elementor elementor-660\" data-elementor-post-type=\"page\">\n\t\t\t\t\t\t<section class=\"elementor-section elementor-top-section elementor-element elementor-element-ec1a9c6 elementor-section-boxed elementor-section-height-default elementor-section-height-default\" data-id=\"ec1a9c6\" data-element_type=\"section\" data-e-type=\"section\" data-settings=\"{&quot;background_background&quot;:&quot;classic&quot;}\">\n\t\t\t\t\t\t<div class=\"elementor-container elementor-column-gap-default\">\n\t\t\t\t\t<div class=\"elementor-column elementor-col-100 elementor-top-column elementor-element elementor-element-f9c169d\" data-id=\"f9c169d\" data-element_type=\"column\" data-e-type=\"column\">\n\t\t\t<div class=\"elementor-widget-wrap elementor-element-populated\">\n\t\t\t\t\t\t<div class=\"elementor-element elementor-element-8979773 elementor-widget elementor-widget-heading\" data-id=\"8979773\" data-element_type=\"widget\" data-e-type=\"widget\" data-widget_type=\"heading.default\">\n\t\t\t\t\t<h2 class=\"elementor-heading-title elementor-size-default\">Mentions l\u00e9gales<\/h2>\t\t\t\t<\/div>\n\t\t\t\t\t<\/div>\n\t\t<\/div>\n\t\t\t\t\t<\/div>\n\t\t<\/section>\n\t\t\t\t<section class=\"elementor-section elementor-top-section elementor-element elementor-element-5b67dce elementor-section-boxed elementor-section-height-default elementor-section-height-default\" data-id=\"5b67dce\" data-element_type=\"section\" data-e-type=\"section\">\n\t\t\t\t\t\t<div class=\"elementor-container elementor-column-gap-default\">\n\t\t\t\t\t<div class=\"elementor-column elementor-col-100 elementor-top-column elementor-element elementor-element-bdb5b55\" data-id=\"bdb5b55\" data-element_type=\"column\" data-e-type=\"column\">\n\t\t\t<div class=\"elementor-widget-wrap elementor-element-populated\">\n\t\t\t\t\t\t<div class=\"elementor-element elementor-element-f709c62 elementor-widget elementor-widget-text-editor\" data-id=\"f709c62\" data-element_type=\"widget\" data-e-type=\"widget\" data-widget_type=\"text-editor.default\">\n\t\t\t\t\t\t\t\t\t<p>Vous \u00eates actuellement connect\u00e9 au site \u00ab https:\/\/mercepay.com \u00bb qui est \u00e9dit\u00e9 par <b>AMARISOFT<\/b>.&nbsp;<\/p>\n<p><b>D\u00e9nomination sociale : AMARISOFT<\/b><\/p>\n<p><b>Si\u00e8ge social : <\/b>16 RUE RIVAY 16-18, 92300 LEVALLOIS-PERRET<\/p>\n<p><b>R.C.S Nanterre :<\/b> 2018 B 1520<\/p>\n<p><b>N\u00b0 SIRET :<\/b> 75399826900066<\/p>\n<p><b>Responsable publication :<\/b> Mr Franck SPINELLI<\/p>\n<p>Les informations contenues sur le site mercepay.com ont un caract\u00e8re strictement informatif, elles n\u2019emportent aucun engagement juridique ni accord contractuel de la part de Mercepay qui se r\u00e9serve par ailleurs la facult\u00e9 d\u2019en modifier les caract\u00e9ristiques.<\/p>\n<p>L\u2019acc\u00e8s aux produits et services pr\u00e9sent\u00e9s sur le site peut faire l\u2019objet de restrictions \u00e0 l\u2019\u00e9gard de certaines personnes. Cependant il appartient \u00e0 toute personne int\u00e9ress\u00e9e de v\u00e9rifier pr\u00e9alablement aupr\u00e8s de ses conseils habituels que son statut juridique et fiscal lui permet de souscrire les produits et\/ou les services pr\u00e9sent\u00e9s sur le site.<\/p>\n<p><b>S\u00e9curit\u00e9<\/b><\/p>\n<p>Il est rappel\u00e9 que le secret des correspondances priv\u00e9es n\u2019est pas garanti sur le r\u00e9seau Internet. Par ailleurs, il appartient \u00e0 chaque utilisateur d\u2019Internet de prendre toutes les mesures appropri\u00e9es de fa\u00e7on \u00e0 prot\u00e9ger ses propres donn\u00e9es et\/ou logiciels de la contamination d\u2019\u00e9ventuels virus circulant sur Internet.<\/p>\n<p><b>Secret professionnel bancaire<\/b><\/p>\n<p>Vous pouvez consulter la liste des \u00e9tablissements de cr\u00e9dit soumis au secret professionnel bancaire en vertu de l\u2019article L.511.33 du Code mon\u00e9taire et financier dont Mercepay fait partie.<\/p>\n<p><b>Liens hypertextes<\/b><\/p>\n<p>Concernant les liens que Mercepay pourrait cr\u00e9er de son site \u00ab mercepay.com \u00bb vers d\u2019autres sites internes ou externes, Mercepay n\u2019est pas responsable du contenu \u00e9ditorial de ces autres sites, ni de leurs conditions d\u2019acc\u00e8s.<\/p>\n<p><b>Gestion des donn\u00e9es personnelles.<\/b><\/p>\n<p>En France, les donn\u00e9es personnelles sont notamment prot\u00e9g\u00e9es par la loi n\u00b0 78-87 du 6 janvier 1978, la loi n\u00b0 2004-801 du 6 ao\u00fbt 2004, l\u2019article L. 226-13 du Code p\u00e9nal et la Directive Europ\u00e9enne du 24 octobre 1995.<\/p>\n<p>A l\u2019occasion de l\u2019utilisation du site mercepay.com, peuvent \u00eatre recueillies : l\u2019URL des liens par l\u2019interm\u00e9diaire desquels l\u2019utilisateur a acc\u00e9d\u00e9 au site mercepay.com, le fournisseur d\u2019acc\u00e8s de l\u2019utilisateur, l\u2019adresse de protocole Internet (IP) de l\u2019utilisateur.<\/p>\n<p>En tout \u00e9tat de cause Mercepay ne collecte des informations personnelles relatives \u00e0 l\u2019utilisateur que pour le besoin de certains services propos\u00e9s par le site mercepay.com. L\u2019utilisateur fournit ces informations en toute connaissance de cause, notamment lorsqu\u2019il proc\u00e8de par lui-m\u00eame \u00e0 leur saisie. Il est alors pr\u00e9cis\u00e9 \u00e0 l\u2019utilisateur du site mercepay.com l\u2019obligation ou non de fournir ces informations.<\/p>\n<p>Conform\u00e9ment aux dispositions des articles 38 et suivants de la loi 78-17 du 6 janvier 1978 relative \u00e0 l\u2019informatique, aux fichiers et aux libert\u00e9s, tout utilisateur dispose d\u2019un droit d\u2019acc\u00e8s, de rectification et d\u2019opposition aux donn\u00e9es personnelles le concernant, en effectuant sa demande \u00e9crite et sign\u00e9e, accompagn\u00e9e d\u2019une copie du titre d\u2019identit\u00e9 avec signature du titulaire de la pi\u00e8ce, en pr\u00e9cisant l\u2019adresse \u00e0 laquelle la r\u00e9ponse doit \u00eatre envoy\u00e9e.<\/p>\n<p>Aucune information personnelle de l\u2019utilisateur du site mercepay.com n\u2019est publi\u00e9e \u00e0 l\u2019insu de l\u2019utilisateur, \u00e9chang\u00e9e, transf\u00e9r\u00e9e, c\u00e9d\u00e9e ou vendue sur un support quelconque \u00e0 des tiers. Seule l\u2019hypoth\u00e8se du rachat de Mercepay et de ses droits permettrait la transmission des dites informations \u00e0 l\u2019\u00e9ventuel acqu\u00e9reur qui serait \u00e0 son tour tenu de la m\u00eame obligation de conservation et de modification des donn\u00e9es vis \u00e0 vis de l\u2019utilisateur du site mercepay.com.<\/p>\n<p>Les bases de donn\u00e9es sont prot\u00e9g\u00e9es par les dispositions de la loi du 1er juillet 1998 transposant la directive 96\/9 du 11 mars 1996 relative \u00e0 la protection juridique des bases de donn\u00e9es.<\/p>\n<p><b>Droits de reproduction<\/b><\/p>\n<p>La reproduction ou repr\u00e9sentation, int\u00e9grale ou partielle, des pages, des donn\u00e9es et de tout autre \u00e9l\u00e9ment constitutif du site, par quelque proc\u00e9d\u00e9 ou support que ce soit, est interdite et constitue, sans autorisation de l\u2019\u00e9diteur, une contrefa\u00e7on.<\/p>\n<p><b>Droits d\u2019auteurs photos<\/b><\/p>\n<p>Les photos sont issues de Fotolia, Istock et 123RF.<\/p>\n<p><b>Lexique<\/b><\/p>\n<p><b>Utilisateur :<\/b> Internaute se connectant, utilisant le site susnomm\u00e9.<\/p>\n<p><b>Informations personnelles : <\/b>\u00ab les informations qui permettent, sous quelque forme que ce soit, directement ou non, l\u2019identification des personnes physiques auxquelles elles s\u2019appliquent \u00bb (article 4 de la loi n\u00b0 78-17 du 6 janvier 1978).<\/p>\t\t\t\t\t\t\t\t<\/div>\n\t\t\t\t\t<\/div>\n\t\t<\/div>\n\t\t\t\t\t<\/div>\n\t\t<\/section>\n\t\t\t\t<\/div>","protected":false},"excerpt":{"rendered":"<p>Mentions l\u00e9gales Vous \u00eates actuellement connect\u00e9 au site \u00ab https:\/\/mercepay.com \u00bb qui est \u00e9dit\u00e9 par AMARISOFT.&nbsp; D\u00e9nomination sociale : AMARISOFT Si\u00e8ge social : 16 RUE RIVAY 16-18, 92300 LEVALLOIS-PERRET R.C.S Nanterre : 2018 B 1520 N\u00b0 SIRET : 75399826900066 Responsable publication : Mr Franck SPINELLI Les informations contenues sur le site mercepay.com ont un caract\u00e8re [&hellip;]<\/p>\n","protected":false},"author":1,"featured_media":0,"parent":0,"menu_order":0,"comment_status":"closed","ping_status":"closed","template":"","meta":{"footnotes":""},"class_list":["post-660","page","type-page","status-publish","hentry"],"_links":{"self":[{"href":"https:\/\/mercepay.com\/pt\/wp-json\/wp\/v2\/pages\/660","targetHints":{"allow":["GET"]}}],"collection":[{"href":"https:\/\/mercepay.com\/pt\/wp-json\/wp\/v2\/pages"}],"about":[{"href":"https:\/\/mercepay.com\/pt\/wp-json\/wp\/v2\/types\/page"}],"author":[{"embeddable":true,"href":"https:\/\/mercepay.com\/pt\/wp-json\/wp\/v2\/users\/1"}],"replies":[{"embeddable":true,"href":"https:\/\/mercepay.com\/pt\/wp-json\/wp\/v2\/comments?post=660"}],"version-history":[{"count":5,"href":"https:\/\/mercepay.com\/pt\/wp-json\/wp\/v2\/pages\/660\/revisions"}],"predecessor-version":[{"id":4514,"href":"https:\/\/mercepay.com\/pt\/wp-json\/wp\/v2\/pages\/660\/revisions\/4514"}],"wp:attachment":[{"href":"https:\/\/mercepay.com\/pt\/wp-json\/wp\/v2\/media?parent=660"}],"curies":[{"name":"wp","href":"https:\/\/api.w.org\/{rel}","templated":true}]}}